{"id":1578,"date":"2021-04-30T08:03:15","date_gmt":"2021-04-30T06:03:15","guid":{"rendered":"https:\/\/kliin.ee\/?page_id=1578"},"modified":"2025-03-19T22:17:15","modified_gmt":"2025-03-19T20:17:15","slug":"parnu-kontakt","status":"publish","type":"page","link":"https:\/\/kliin.ee\/eng\/parnu-kontakt\/","title":{"rendered":"P\u00e4rnu kontakt"},"content":{"rendered":"<div data-elementor-type=\"wp-page\" data-elementor-id=\"1578\" class=\"elementor elementor-1578\" data-elementor-post-type=\"page\">\n\t\t\t\t<div class=\"elementor-element elementor-element-88614d5 e-flex e-con-boxed e-con e-parent\" data-id=\"88614d5\" data-element_type=\"container\" data-e-type=\"container\">\n\t\t\t\t\t<div class=\"e-con-inner\">\n\t\t<div class=\"elementor-element elementor-element-3f3d5c6 e-con-full e-flex e-con e-child\" data-id=\"3f3d5c6\" data-element_type=\"container\" data-e-type=\"container\">\n\t\t\t\t<div class=\"elementor-element elementor-element-d612e0c elementor-widget elementor-widget-google_maps\" data-id=\"d612e0c\" data-element_type=\"widget\" data-e-type=\"widget\" data-widget_type=\"google_maps.default\">\n\t\t\t\t<div class=\"elementor-widget-container\">\n\t\t\t\t\t\t\t<div class=\"elementor-custom-embed\">\n\t\t\t<iframe loading=\"lazy\"\n\t\t\t\t\tsrc=\"https:\/\/maps.google.com\/maps?q=Kliin%20P%C3%A4rnu&#038;t=m&#038;z=15&#038;output=embed&#038;iwloc=near\"\n\t\t\t\t\ttitle=\"Kliin P\u00e4rnu dry clean\"\n\t\t\t\t\taria-label=\"Kliin P\u00e4rnu dry clean\"\n\t\t\t><\/iframe>\n\t\t<\/div>\n\t\t\t\t\t\t<\/div>\n\t\t\t\t<\/div>\n\t\t\t\t<\/div>\n\t\t<div class=\"elementor-element elementor-element-011533d e-con-full e-flex e-con e-child\" data-id=\"011533d\" data-element_type=\"container\" data-e-type=\"container\">\n\t\t\t\t<div class=\"elementor-element elementor-element-4a11eb3 elementor-widget elementor-widget-heading\" data-id=\"4a11eb3\" data-element_type=\"widget\" data-e-type=\"widget\" data-widget_type=\"heading.default\">\n\t\t\t\t<div class=\"elementor-widget-container\">\n\t\t\t\t\t<h2 class=\"elementor-heading-title elementor-size-default\">Kliin P\u00e4rnu dry clean<\/h2>\t\t\t\t<\/div>\n\t\t\t\t<\/div>\n\t\t\t\t<div class=\"elementor-element elementor-element-2bb936c elementor-widget elementor-widget-text-editor\" data-id=\"2bb936c\" data-element_type=\"widget\" data-e-type=\"widget\" data-widget_type=\"text-editor.default\">\n\t\t\t\t<div class=\"elementor-widget-container\">\n\t\t\t\t\t\t\t\t\t<p>We are located in the Espak house, with a separate entrance.<\/p><p>You can conveniently park in front of our door.<\/p>\t\t\t\t\t\t\t\t<\/div>\n\t\t\t\t<\/div>\n\t\t\t\t<div class=\"elementor-element elementor-element-2ee7da9 elementor-widget elementor-widget-heading\" data-id=\"2ee7da9\" data-element_type=\"widget\" data-e-type=\"widget\" data-widget_type=\"heading.default\">\n\t\t\t\t<div class=\"elementor-widget-container\">\n\t\t\t\t\t<h2 class=\"elementor-heading-title elementor-size-default\">Address<\/h2>\t\t\t\t<\/div>\n\t\t\t\t<\/div>\n\t\t\t\t<div class=\"elementor-element elementor-element-b408176 elementor-widget elementor-widget-text-editor\" data-id=\"b408176\" data-element_type=\"widget\" data-e-type=\"widget\" data-widget_type=\"text-editor.default\">\n\t\t\t\t<div class=\"elementor-widget-container\">\n\t\t\t\t\t\t\t\t\t<p>ESPAKI maja<\/p><p>Papiniidu 4, 80042 P\u00e4rnu<\/p>\t\t\t\t\t\t\t\t<\/div>\n\t\t\t\t<\/div>\n\t\t\t\t<div class=\"elementor-element elementor-element-70ef65d elementor-widget elementor-widget-heading\" data-id=\"70ef65d\" data-element_type=\"widget\" data-e-type=\"widget\" data-widget_type=\"heading.default\">\n\t\t\t\t<div class=\"elementor-widget-container\">\n\t\t\t\t\t<h2 class=\"elementor-heading-title elementor-size-default\">Phone and self service information<\/h2>\t\t\t\t<\/div>\n\t\t\t\t<\/div>\n\t\t\t\t<div class=\"elementor-element elementor-element-a36216c elementor-widget elementor-widget-button\" data-id=\"a36216c\" data-element_type=\"widget\" data-e-type=\"widget\" data-widget_type=\"button.default\">\n\t\t\t\t<div class=\"elementor-widget-container\">\n\t\t\t\t\t\t\t\t\t<div class=\"elementor-button-wrapper\">\n\t\t\t\t\t<a class=\"elementor-button elementor-button-link elementor-size-sm\" href=\"tel:%20+37256577629\">\n\t\t\t\t\t\t<span class=\"elementor-button-content-wrapper\">\n\t\t\t\t\t\t\t\t\t<span class=\"elementor-button-text\">+372 5657 7629<\/span>\n\t\t\t\t\t<\/span>\n\t\t\t\t\t<\/a>\n\t\t\t\t<\/div>\n\t\t\t\t\t\t\t\t<\/div>\n\t\t\t\t<\/div>\n\t\t\t\t<div class=\"elementor-element elementor-element-dc67461 elementor-widget elementor-widget-heading\" data-id=\"dc67461\" data-element_type=\"widget\" data-e-type=\"widget\" data-widget_type=\"heading.default\">\n\t\t\t\t<div class=\"elementor-widget-container\">\n\t\t\t\t\t<h2 class=\"elementor-heading-title elementor-size-default\">E-mail<\/h2>\t\t\t\t<\/div>\n\t\t\t\t<\/div>\n\t\t\t\t<div class=\"elementor-element elementor-element-7c15040 elementor-widget elementor-widget-button\" data-id=\"7c15040\" data-element_type=\"widget\" data-e-type=\"widget\" data-widget_type=\"button.default\">\n\t\t\t\t<div class=\"elementor-widget-container\">\n\t\t\t\t\t\t\t\t\t<div class=\"elementor-button-wrapper\">\n\t\t\t\t\t<a class=\"elementor-button elementor-button-link elementor-size-sm\" href=\"mailto:info@kliin.ee\">\n\t\t\t\t\t\t<span class=\"elementor-button-content-wrapper\">\n\t\t\t\t\t\t\t\t\t<span class=\"elementor-button-text\">Info@Kliin.ee<\/span>\n\t\t\t\t\t<\/span>\n\t\t\t\t\t<\/a>\n\t\t\t\t<\/div>\n\t\t\t\t\t\t\t\t<\/div>\n\t\t\t\t<\/div>\n\t\t\t\t<div class=\"elementor-element elementor-element-c4074ac elementor-widget elementor-widget-button\" data-id=\"c4074ac\" data-element_type=\"widget\" data-e-type=\"widget\" data-widget_type=\"button.default\">\n\t\t\t\t<div class=\"elementor-widget-container\">\n\t\t\t\t\t\t\t\t\t<div class=\"elementor-button-wrapper\">\n\t\t\t\t\t<a class=\"elementor-button elementor-button-link elementor-size-xl\" href=\"https:\/\/www.facebook.com\/Kliin.puhastus\">\n\t\t\t\t\t\t<span class=\"elementor-button-content-wrapper\">\n\t\t\t\t\t\t<span class=\"elementor-button-icon\">\n\t\t\t\t<i aria-hidden=\"true\" class=\"fab fa-facebook\"><\/i>\t\t\t<\/span>\n\t\t\t\t\t\t\t\t\t<span class=\"elementor-button-text\">Kliin on Facebook<\/span>\n\t\t\t\t\t<\/span>\n\t\t\t\t\t<\/a>\n\t\t\t\t<\/div>\n\t\t\t\t\t\t\t\t<\/div>\n\t\t\t\t<\/div>\n\t\t\t\t<\/div>\n\t\t<div class=\"elementor-element elementor-element-7d85758 e-con-full e-grid e-con e-child\" data-id=\"7d85758\" data-element_type=\"container\" data-e-type=\"container\">\n\t\t\t\t<div class=\"elementor-element elementor-element-581815c elementor-widget elementor-widget-image\" data-id=\"581815c\" data-element_type=\"widget\" data-e-type=\"widget\" data-widget_type=\"image.default\">\n\t\t\t\t<div class=\"elementor-widget-container\">\n\t\t\t\t\t\t\t\t\t\t\t\t\t\t\t<img fetchpriority=\"high\" decoding=\"async\" width=\"311\" height=\"225\" src=\"https:\/\/kliin.ee\/wp-content\/uploads\/2020\/12\/ParnuEsindus1.webp\" class=\"attachment-full size-full wp-image-1045\" alt=\"Kliin P\u00e4rnu dry cleaner\" srcset=\"https:\/\/kliin.ee\/wp-content\/uploads\/2020\/12\/ParnuEsindus1.webp 311w, https:\/\/kliin.ee\/wp-content\/uploads\/2020\/12\/ParnuEsindus1-300x217.webp 300w, https:\/\/kliin.ee\/wp-content\/uploads\/2020\/12\/ParnuEsindus1-16x12.webp 16w\" sizes=\"(max-width: 311px) 100vw, 311px\" \/>\t\t\t\t\t\t\t\t\t\t\t\t\t\t\t<\/div>\n\t\t\t\t<\/div>\n\t\t\t\t<div class=\"elementor-element elementor-element-b4f7452 elementor-widget elementor-widget-image\" data-id=\"b4f7452\" data-element_type=\"widget\" data-e-type=\"widget\" data-widget_type=\"image.default\">\n\t\t\t\t<div class=\"elementor-widget-container\">\n\t\t\t\t\t\t\t\t\t\t\t\t\t\t\t<img decoding=\"async\" width=\"311\" height=\"225\" src=\"https:\/\/kliin.ee\/wp-content\/uploads\/2020\/12\/ParnuEsindus2.webp\" class=\"attachment-full size-full wp-image-884\" alt=\"\" srcset=\"https:\/\/kliin.ee\/wp-content\/uploads\/2020\/12\/ParnuEsindus2.webp 311w, https:\/\/kliin.ee\/wp-content\/uploads\/2020\/12\/ParnuEsindus2-300x217.webp 300w, https:\/\/kliin.ee\/wp-content\/uploads\/2020\/12\/ParnuEsindus2-16x12.webp 16w\" sizes=\"(max-width: 311px) 100vw, 311px\" \/>\t\t\t\t\t\t\t\t\t\t\t\t\t\t\t<\/div>\n\t\t\t\t<\/div>\n\t\t\t\t<\/div>\n\t\t<div class=\"elementor-element elementor-element-7ccc212 e-con-full e-flex e-con e-child\" data-id=\"7ccc212\" data-element_type=\"container\" data-e-type=\"container\" data-settings=\"{&quot;background_background&quot;:&quot;classic&quot;}\">\n\t\t\t\t<div class=\"elementor-element elementor-element-cabe740 elementor-widget elementor-widget-global elementor-global-2999 elementor-widget-text-editor\" data-id=\"cabe740\" data-element_type=\"widget\" data-e-type=\"widget\" data-widget_type=\"text-editor.default\">\n\t\t\t\t<div class=\"elementor-widget-container\">\n\t\t\t\t\t\t\t\t\t<p>We are open<\/p><h5>Mon - Fri 8.00 - 18.00      Sat - Sun 9.00 - 16.00<\/h5><div><div>DURING HOLIDAYS<\/div><div><h5>05.04 SULETUD<\/h5><\/div><p>Laundromat with new client card<\/p><\/div><h5>Mon - Sun 7.00 - 20.00<\/h5>\t\t\t\t\t\t\t\t<\/div>\n\t\t\t\t<\/div>\n\t\t\t\t<\/div>\n\t\t\t\t\t<\/div>\n\t\t\t\t<\/div>\n\t\t\t\t<\/div>","protected":false},"excerpt":{"rendered":"<p>Kliin P\u00e4rnu Asume Espaki majas, eraldi sissep\u00e4\u00e4suga. Meie juurde p\u00e4\u00e4seb mugavalt, parkides auto otse ukse ette. Aadress ESPAKI maja Papiniidu 4, 80042 P\u00e4rnu Telefon ja iseteenindus info +372 5657 7629 E-mail Info@Kliin.ee Kliin Facebookis Oleme avatud E &#8211; R 8.00 &#8211; 18.00\u00a0 \u00a0 \u00a0 L &#8211; P 9.00 &#8211; 16.00 Iseteenindus koos uuendatud kliendikaardiga E [&hellip;]<\/p>\n","protected":false},"author":1,"featured_media":0,"parent":0,"menu_order":0,"comment_status":"closed","ping_status":"closed","template":"","meta":{"footnotes":""},"class_list":["post-1578","page","type-page","status-publish","hentry"],"yoast_head":"<!-- This site is optimized with the Yoast SEO plugin v27.3 - https:\/\/yoast.com\/product\/yoast-seo-wordpress\/ -->\n<title>P\u00e4rnu kontakt &#8211; Kliin<\/title>\n<meta name=\"robots\" content=\"noindex, nofollow\" \/>\n<meta property=\"og:locale\" content=\"en_US\" \/>\n<meta property=\"og:type\" content=\"article\" \/>\n<meta property=\"og:title\" content=\"P\u00e4rnu kontakt &#8211; Kliin\" \/>\n<meta property=\"og:description\" content=\"Kliin P\u00e4rnu Asume Espaki majas, eraldi sissep\u00e4\u00e4suga. Meie juurde p\u00e4\u00e4seb mugavalt, parkides auto otse ukse ette. Aadress ESPAKI maja Papiniidu 4, 80042 P\u00e4rnu Telefon ja iseteenindus info +372 5657 7629 E-mail Info@Kliin.ee Kliin Facebookis Oleme avatud E &#8211; R 8.00 &#8211; 18.00\u00a0 \u00a0 \u00a0 L &#8211; P 9.00 &#8211; 16.00 Iseteenindus koos uuendatud kliendikaardiga E [&hellip;]\" \/>\n<meta property=\"og:url\" content=\"https:\/\/kliin.ee\/eng\/parnu-kontakt\/\" \/>\n<meta property=\"og:site_name\" content=\"Kliin\" \/>\n<meta property=\"article:publisher\" content=\"https:\/\/www.facebook.com\/Kliin.puhastus\" \/>\n<meta property=\"article:modified_time\" content=\"2025-03-19T20:17:15+00:00\" \/>\n<meta property=\"og:image\" content=\"https:\/\/kliin.ee\/wp-content\/uploads\/2020\/12\/ParnuEsindus1.webp\" \/>\n\t<meta property=\"og:image:width\" content=\"311\" \/>\n\t<meta property=\"og:image:height\" content=\"225\" \/>\n\t<meta property=\"og:image:type\" content=\"image\/webp\" \/>\n<meta name=\"twitter:card\" content=\"summary_large_image\" \/>\n<meta name=\"twitter:label1\" content=\"Est. reading time\" \/>\n\t<meta name=\"twitter:data1\" content=\"2 minutes\" \/>\n<script type=\"application\/ld+json\" class=\"yoast-schema-graph\">{\"@context\":\"https:\\\/\\\/schema.org\",\"@graph\":[{\"@type\":\"WebPage\",\"@id\":\"https:\\\/\\\/kliin.ee\\\/parnu-kontakt\\\/\",\"url\":\"https:\\\/\\\/kliin.ee\\\/parnu-kontakt\\\/\",\"name\":\"P\u00e4rnu kontakt &#8211; Kliin\",\"isPartOf\":{\"@id\":\"https:\\\/\\\/kliin.ee\\\/#website\"},\"primaryImageOfPage\":{\"@id\":\"https:\\\/\\\/kliin.ee\\\/parnu-kontakt\\\/#primaryimage\"},\"image\":{\"@id\":\"https:\\\/\\\/kliin.ee\\\/parnu-kontakt\\\/#primaryimage\"},\"thumbnailUrl\":\"https:\\\/\\\/kliin.ee\\\/wp-content\\\/uploads\\\/2020\\\/12\\\/ParnuEsindus1.webp\",\"datePublished\":\"2021-04-30T06:03:15+00:00\",\"dateModified\":\"2025-03-19T20:17:15+00:00\",\"breadcrumb\":{\"@id\":\"https:\\\/\\\/kliin.ee\\\/parnu-kontakt\\\/#breadcrumb\"},\"inLanguage\":\"en-US\",\"potentialAction\":[{\"@type\":\"ReadAction\",\"target\":[\"https:\\\/\\\/kliin.ee\\\/parnu-kontakt\\\/\"]}]},{\"@type\":\"ImageObject\",\"inLanguage\":\"en-US\",\"@id\":\"https:\\\/\\\/kliin.ee\\\/parnu-kontakt\\\/#primaryimage\",\"url\":\"https:\\\/\\\/kliin.ee\\\/wp-content\\\/uploads\\\/2020\\\/12\\\/ParnuEsindus1.webp\",\"contentUrl\":\"https:\\\/\\\/kliin.ee\\\/wp-content\\\/uploads\\\/2020\\\/12\\\/ParnuEsindus1.webp\"},{\"@type\":\"BreadcrumbList\",\"@id\":\"https:\\\/\\\/kliin.ee\\\/parnu-kontakt\\\/#breadcrumb\",\"itemListElement\":[{\"@type\":\"ListItem\",\"position\":1,\"name\":\"Home\",\"item\":\"https:\\\/\\\/kliin.ee\\\/\"},{\"@type\":\"ListItem\",\"position\":2,\"name\":\"P\u00e4rnu kontakt\"}]},{\"@type\":\"WebSite\",\"@id\":\"https:\\\/\\\/kliin.ee\\\/#website\",\"url\":\"https:\\\/\\\/kliin.ee\\\/\",\"name\":\"Kliin\",\"description\":\"Keemiline puhastus ja pesumaja\",\"publisher\":{\"@id\":\"https:\\\/\\\/kliin.ee\\\/#organization\"},\"potentialAction\":[{\"@type\":\"SearchAction\",\"target\":{\"@type\":\"EntryPoint\",\"urlTemplate\":\"https:\\\/\\\/kliin.ee\\\/?s={search_term_string}\"},\"query-input\":{\"@type\":\"PropertyValueSpecification\",\"valueRequired\":true,\"valueName\":\"search_term_string\"}}],\"inLanguage\":\"en-US\"},{\"@type\":\"Organization\",\"@id\":\"https:\\\/\\\/kliin.ee\\\/#organization\",\"name\":\"Kliin keemiline puhastus ja pesumaja\",\"url\":\"https:\\\/\\\/kliin.ee\\\/\",\"logo\":{\"@type\":\"ImageObject\",\"inLanguage\":\"en-US\",\"@id\":\"https:\\\/\\\/kliin.ee\\\/#\\\/schema\\\/logo\\\/image\\\/\",\"url\":\"https:\\\/\\\/i2.wp.com\\\/kliin.ee\\\/wp-content\\\/uploads\\\/2020\\\/12\\\/kliin-logo3.png?fit=94%2C89\",\"contentUrl\":\"https:\\\/\\\/i2.wp.com\\\/kliin.ee\\\/wp-content\\\/uploads\\\/2020\\\/12\\\/kliin-logo3.png?fit=94%2C89\",\"width\":94,\"height\":89,\"caption\":\"Kliin keemiline puhastus ja pesumaja\"},\"image\":{\"@id\":\"https:\\\/\\\/kliin.ee\\\/#\\\/schema\\\/logo\\\/image\\\/\"},\"sameAs\":[\"https:\\\/\\\/www.facebook.com\\\/Kliin.puhastus\"]}]}<\/script>\n<!-- \/ Yoast SEO plugin. -->","yoast_head_json":{"title":"P\u00e4rnu kontakt &#8211; Kliin","robots":{"index":"noindex","follow":"nofollow"},"og_locale":"en_US","og_type":"article","og_title":"P\u00e4rnu kontakt &#8211; Kliin","og_description":"Kliin P\u00e4rnu Asume Espaki majas, eraldi sissep\u00e4\u00e4suga. Meie juurde p\u00e4\u00e4seb mugavalt, parkides auto otse ukse ette. Aadress ESPAKI maja Papiniidu 4, 80042 P\u00e4rnu Telefon ja iseteenindus info +372 5657 7629 E-mail Info@Kliin.ee Kliin Facebookis Oleme avatud E &#8211; R 8.00 &#8211; 18.00\u00a0 \u00a0 \u00a0 L &#8211; P 9.00 &#8211; 16.00 Iseteenindus koos uuendatud kliendikaardiga E [&hellip;]","og_url":"https:\/\/kliin.ee\/eng\/parnu-kontakt\/","og_site_name":"Kliin","article_publisher":"https:\/\/www.facebook.com\/Kliin.puhastus","article_modified_time":"2025-03-19T20:17:15+00:00","og_image":[{"width":311,"height":225,"url":"https:\/\/kliin.ee\/wp-content\/uploads\/2020\/12\/ParnuEsindus1.webp","type":"image\/webp"}],"twitter_card":"summary_large_image","twitter_misc":{"Est. reading time":"2 minutes"},"schema":{"@context":"https:\/\/schema.org","@graph":[{"@type":"WebPage","@id":"https:\/\/kliin.ee\/parnu-kontakt\/","url":"https:\/\/kliin.ee\/parnu-kontakt\/","name":"P\u00e4rnu kontakt &#8211; Kliin","isPartOf":{"@id":"https:\/\/kliin.ee\/#website"},"primaryImageOfPage":{"@id":"https:\/\/kliin.ee\/parnu-kontakt\/#primaryimage"},"image":{"@id":"https:\/\/kliin.ee\/parnu-kontakt\/#primaryimage"},"thumbnailUrl":"https:\/\/kliin.ee\/wp-content\/uploads\/2020\/12\/ParnuEsindus1.webp","datePublished":"2021-04-30T06:03:15+00:00","dateModified":"2025-03-19T20:17:15+00:00","breadcrumb":{"@id":"https:\/\/kliin.ee\/parnu-kontakt\/#breadcrumb"},"inLanguage":"en-US","potentialAction":[{"@type":"ReadAction","target":["https:\/\/kliin.ee\/parnu-kontakt\/"]}]},{"@type":"ImageObject","inLanguage":"en-US","@id":"https:\/\/kliin.ee\/parnu-kontakt\/#primaryimage","url":"https:\/\/kliin.ee\/wp-content\/uploads\/2020\/12\/ParnuEsindus1.webp","contentUrl":"https:\/\/kliin.ee\/wp-content\/uploads\/2020\/12\/ParnuEsindus1.webp"},{"@type":"BreadcrumbList","@id":"https:\/\/kliin.ee\/parnu-kontakt\/#breadcrumb","itemListElement":[{"@type":"ListItem","position":1,"name":"Home","item":"https:\/\/kliin.ee\/"},{"@type":"ListItem","position":2,"name":"P\u00e4rnu kontakt"}]},{"@type":"WebSite","@id":"https:\/\/kliin.ee\/#website","url":"https:\/\/kliin.ee\/","name":"Kliin","description":"Keemiline puhastus ja pesumaja","publisher":{"@id":"https:\/\/kliin.ee\/#organization"},"potentialAction":[{"@type":"SearchAction","target":{"@type":"EntryPoint","urlTemplate":"https:\/\/kliin.ee\/?s={search_term_string}"},"query-input":{"@type":"PropertyValueSpecification","valueRequired":true,"valueName":"search_term_string"}}],"inLanguage":"en-US"},{"@type":"Organization","@id":"https:\/\/kliin.ee\/#organization","name":"Kliin keemiline puhastus ja pesumaja","url":"https:\/\/kliin.ee\/","logo":{"@type":"ImageObject","inLanguage":"en-US","@id":"https:\/\/kliin.ee\/#\/schema\/logo\/image\/","url":"https:\/\/i2.wp.com\/kliin.ee\/wp-content\/uploads\/2020\/12\/kliin-logo3.png?fit=94%2C89","contentUrl":"https:\/\/i2.wp.com\/kliin.ee\/wp-content\/uploads\/2020\/12\/kliin-logo3.png?fit=94%2C89","width":94,"height":89,"caption":"Kliin keemiline puhastus ja pesumaja"},"image":{"@id":"https:\/\/kliin.ee\/#\/schema\/logo\/image\/"},"sameAs":["https:\/\/www.facebook.com\/Kliin.puhastus"]}]}},"_links":{"self":[{"href":"https:\/\/kliin.ee\/eng\/wp-json\/wp\/v2\/pages\/1578","targetHints":{"allow":["GET"]}}],"collection":[{"href":"https:\/\/kliin.ee\/eng\/wp-json\/wp\/v2\/pages"}],"about":[{"href":"https:\/\/kliin.ee\/eng\/wp-json\/wp\/v2\/types\/page"}],"author":[{"embeddable":true,"href":"https:\/\/kliin.ee\/eng\/wp-json\/wp\/v2\/users\/1"}],"replies":[{"embeddable":true,"href":"https:\/\/kliin.ee\/eng\/wp-json\/wp\/v2\/comments?post=1578"}],"version-history":[{"count":164,"href":"https:\/\/kliin.ee\/eng\/wp-json\/wp\/v2\/pages\/1578\/revisions"}],"predecessor-version":[{"id":3342,"href":"https:\/\/kliin.ee\/eng\/wp-json\/wp\/v2\/pages\/1578\/revisions\/3342"}],"wp:attachment":[{"href":"https:\/\/kliin.ee\/eng\/wp-json\/wp\/v2\/media?parent=1578"}],"curies":[{"name":"wp","href":"https:\/\/api.w.org\/{rel}","templated":true}]}}