{"id":2052,"date":"2022-03-13T12:05:36","date_gmt":"2022-03-13T10:05:36","guid":{"rendered":"https:\/\/kliin.ee\/?page_id=2052"},"modified":"2024-05-24T19:18:04","modified_gmt":"2024-05-24T17:18:04","slug":"synnipaev","status":"publish","type":"page","link":"https:\/\/kliin.ee\/eng\/synnipaev\/","title":{"rendered":"Synnipaev"},"content":{"rendered":"<div data-elementor-type=\"wp-page\" data-elementor-id=\"2052\" class=\"elementor elementor-2052\" data-elementor-post-type=\"page\">\n\t\t\t\t\t\t<section class=\"elementor-section elementor-top-section elementor-element elementor-element-b22d165 elementor-section-boxed elementor-section-height-default elementor-section-height-default\" data-id=\"b22d165\" data-element_type=\"section\" data-e-type=\"section\">\n\t\t\t\t\t\t<div class=\"elementor-container elementor-column-gap-default\">\n\t\t\t\t\t<div class=\"elementor-column elementor-col-100 elementor-top-column elementor-element elementor-element-840b7ca\" data-id=\"840b7ca\" data-element_type=\"column\" data-e-type=\"column\">\n\t\t\t<div class=\"elementor-widget-wrap elementor-element-populated\">\n\t\t\t\t\t\t<div class=\"elementor-element elementor-element-6136380 elementor-widget elementor-widget-heading\" data-id=\"6136380\" data-element_type=\"widget\" data-e-type=\"widget\" data-widget_type=\"heading.default\">\n\t\t\t\t<div class=\"elementor-widget-container\">\n\t\t\t\t\t<h2 class=\"elementor-heading-title elementor-size-default\">Birthday Discount<\/h2>\t\t\t\t<\/div>\n\t\t\t\t<\/div>\n\t\t\t\t\t<\/div>\n\t\t<\/div>\n\t\t\t\t\t<\/div>\n\t\t<\/section>\n\t\t\t\t<section class=\"elementor-section elementor-top-section elementor-element elementor-element-933b458 elementor-section-boxed elementor-section-height-default elementor-section-height-default\" data-id=\"933b458\" data-element_type=\"section\" data-e-type=\"section\">\n\t\t\t\t\t\t<div class=\"elementor-container elementor-column-gap-default\">\n\t\t\t\t\t<div class=\"elementor-column elementor-col-50 elementor-top-column elementor-element elementor-element-b37427e\" data-id=\"b37427e\" data-element_type=\"column\" data-e-type=\"column\">\n\t\t\t<div class=\"elementor-widget-wrap elementor-element-populated\">\n\t\t\t\t\t\t<div class=\"elementor-element elementor-element-ef141fc elementor-widget elementor-widget-image\" data-id=\"ef141fc\" data-element_type=\"widget\" data-e-type=\"widget\" data-widget_type=\"image.default\">\n\t\t\t\t<div class=\"elementor-widget-container\">\n\t\t\t\t\t\t\t\t\t\t\t\t\t\t\t<img fetchpriority=\"high\" decoding=\"async\" width=\"768\" height=\"512\" src=\"https:\/\/kliin.ee\/wp-content\/uploads\/2022\/03\/pexels-cup-of-couple-8014840-768x512.jpg\" class=\"attachment-medium_large size-medium_large wp-image-2056\" alt=\"\" srcset=\"https:\/\/kliin.ee\/wp-content\/uploads\/2022\/03\/pexels-cup-of-couple-8014840-768x512.jpg 768w, https:\/\/kliin.ee\/wp-content\/uploads\/2022\/03\/pexels-cup-of-couple-8014840-300x200.jpg 300w, https:\/\/kliin.ee\/wp-content\/uploads\/2022\/03\/pexels-cup-of-couple-8014840-1024x683.jpg 1024w, https:\/\/kliin.ee\/wp-content\/uploads\/2022\/03\/pexels-cup-of-couple-8014840-1536x1025.jpg 1536w, https:\/\/kliin.ee\/wp-content\/uploads\/2022\/03\/pexels-cup-of-couple-8014840-18x12.jpg 18w\" sizes=\"(max-width: 768px) 100vw, 768px\" \/>\t\t\t\t\t\t\t\t\t\t\t\t\t\t\t<\/div>\n\t\t\t\t<\/div>\n\t\t\t\t\t<\/div>\n\t\t<\/div>\n\t\t\t\t<div class=\"elementor-column elementor-col-50 elementor-top-column elementor-element elementor-element-7f30a4b\" data-id=\"7f30a4b\" data-element_type=\"column\" data-e-type=\"column\">\n\t\t\t<div class=\"elementor-widget-wrap elementor-element-populated\">\n\t\t\t\t\t\t<div class=\"elementor-element elementor-element-2042656 elementor-widget elementor-widget-text-editor\" data-id=\"2042656\" data-element_type=\"widget\" data-e-type=\"widget\" data-widget_type=\"text-editor.default\">\n\t\t\t\t<div class=\"elementor-widget-container\">\n\t\t\t\t\t\t\t\t\t<p><strong>Kliin dry cleaners wish you a Happy Birthday!<\/strong>!<\/p>\n<p>Enjoy your birthday and clean up your wardrobe, we are offering You 5 days before and 5 days after your birthday 40% off (From regular price) from our services if you have our loyalty card. (Services that are excluded are: Purchase of loyalty card, cleaning of carpets per square meter and laundromat service).<\/p>\n<p>To get the discount and also the birthday wish from our side, then Register your birthday at any of our service points. Enjoy your Birthday!<\/p>\t\t\t\t\t\t\t\t<\/div>\n\t\t\t\t<\/div>\n\t\t\t\t<section class=\"elementor-section elementor-inner-section elementor-element elementor-element-4c6f972 elementor-reverse-tablet elementor-reverse-mobile elementor-section-boxed elementor-section-height-default elementor-section-height-default\" data-id=\"4c6f972\" data-element_type=\"section\" data-e-type=\"section\">\n\t\t\t\t\t\t<div class=\"elementor-container elementor-column-gap-default\">\n\t\t\t\t\t<div class=\"elementor-column elementor-col-50 elementor-inner-column elementor-element elementor-element-86488a5\" data-id=\"86488a5\" data-element_type=\"column\" data-e-type=\"column\">\n\t\t\t<div class=\"elementor-widget-wrap elementor-element-populated\">\n\t\t\t\t\t\t<div class=\"elementor-element elementor-element-2dd8d1c elementor-align-left elementor-mobile-align-left elementor-widget elementor-widget-button\" data-id=\"2dd8d1c\" data-element_type=\"widget\" data-e-type=\"widget\" data-widget_type=\"button.default\">\n\t\t\t\t<div class=\"elementor-widget-container\">\n\t\t\t\t\t\t\t\t\t<div class=\"elementor-button-wrapper\">\n\t\t\t\t\t<a class=\"elementor-button elementor-button-link elementor-size-xs\" href=\"https:\/\/kliin.ee\/eng\/parnu-kontakt\/\">\n\t\t\t\t\t\t<span class=\"elementor-button-content-wrapper\">\n\t\t\t\t\t\t\t\t\t<span class=\"elementor-button-text\">KEEMILINE PUHASTUS P\u00c4RNUS -&gt;<\/span>\n\t\t\t\t\t<\/span>\n\t\t\t\t\t<\/a>\n\t\t\t\t<\/div>\n\t\t\t\t\t\t\t\t<\/div>\n\t\t\t\t<\/div>\n\t\t\t\t\t<\/div>\n\t\t<\/div>\n\t\t\t\t<div class=\"elementor-column elementor-col-50 elementor-inner-column elementor-element elementor-element-ffe8a4a\" data-id=\"ffe8a4a\" data-element_type=\"column\" data-e-type=\"column\">\n\t\t\t<div class=\"elementor-widget-wrap elementor-element-populated\">\n\t\t\t\t\t\t<div class=\"elementor-element elementor-element-182ddb9 elementor-align-left elementor-mobile-align-left elementor-widget elementor-widget-button\" data-id=\"182ddb9\" data-element_type=\"widget\" data-e-type=\"widget\" data-widget_type=\"button.default\">\n\t\t\t\t<div class=\"elementor-widget-container\">\n\t\t\t\t\t\t\t\t\t<div class=\"elementor-button-wrapper\">\n\t\t\t\t\t<a class=\"elementor-button elementor-button-link elementor-size-xs\" href=\"https:\/\/kliin.ee\/eng\/tartu-kontakt\/\">\n\t\t\t\t\t\t<span class=\"elementor-button-content-wrapper\">\n\t\t\t\t\t\t\t\t\t<span class=\"elementor-button-text\">KEEMILINE PUHASTUS TARTUS -&gt;<\/span>\n\t\t\t\t\t<\/span>\n\t\t\t\t\t<\/a>\n\t\t\t\t<\/div>\n\t\t\t\t\t\t\t\t<\/div>\n\t\t\t\t<\/div>\n\t\t\t\t\t<\/div>\n\t\t<\/div>\n\t\t\t\t\t<\/div>\n\t\t<\/section>\n\t\t\t\t\t<\/div>\n\t\t<\/div>\n\t\t\t\t\t<\/div>\n\t\t<\/section>\n\t\t\t\t<\/div>","protected":false},"excerpt":{"rendered":"<p>S\u00fcnnip\u00e4evasoodustus Kliin pesumajad soovivad sulle s\u00fcnnip\u00e4eva puhul \u00f5nne! Naudi oma s\u00fcnnip\u00e4eva ja tee oma garderoob korda, meie omaltpoolt pakume Sulle kliendikaardi alusel 5 p\u00e4eva enne ja 5 p\u00e4eva p\u00e4rast s\u00fcnnip\u00e4eva 40% soodustust tavahinnast Kliin pesumaja teenustelt (v\u00e4ljaarvatud kliendikaart, vaipade pesu ruutmeetri hinna alusel ja selvepesula). Soodustuse ja ka meie poolse s\u00fcnnip\u00e4evatervituse \ud83d\ude09 saamiseks registreeri oma [&hellip;]<\/p>\n","protected":false},"author":1,"featured_media":0,"parent":0,"menu_order":0,"comment_status":"closed","ping_status":"closed","template":"","meta":{"footnotes":""},"class_list":["post-2052","page","type-page","status-publish","hentry"],"yoast_head":"<!-- This site is optimized with the Yoast SEO plugin v27.4 - https:\/\/yoast.com\/product\/yoast-seo-wordpress\/ -->\n<title>Synnipaev &#8211; Kliin<\/title>\n<meta name=\"robots\" content=\"index, follow, max-snippet:-1, max-image-preview:large, max-video-preview:-1\" \/>\n<link rel=\"canonical\" href=\"https:\/\/kliin.ee\/eng\/synnipaev\/\" \/>\n<meta property=\"og:locale\" content=\"en_US\" \/>\n<meta property=\"og:type\" content=\"article\" \/>\n<meta property=\"og:title\" content=\"Synnipaev &#8211; Kliin\" \/>\n<meta property=\"og:description\" content=\"S\u00fcnnip\u00e4evasoodustus Kliin pesumajad soovivad sulle s\u00fcnnip\u00e4eva puhul \u00f5nne! Naudi oma s\u00fcnnip\u00e4eva ja tee oma garderoob korda, meie omaltpoolt pakume Sulle kliendikaardi alusel 5 p\u00e4eva enne ja 5 p\u00e4eva p\u00e4rast s\u00fcnnip\u00e4eva 40% soodustust tavahinnast Kliin pesumaja teenustelt (v\u00e4ljaarvatud kliendikaart, vaipade pesu ruutmeetri hinna alusel ja selvepesula). Soodustuse ja ka meie poolse s\u00fcnnip\u00e4evatervituse \ud83d\ude09 saamiseks registreeri oma [&hellip;]\" \/>\n<meta property=\"og:url\" content=\"https:\/\/kliin.ee\/eng\/synnipaev\/\" \/>\n<meta property=\"og:site_name\" content=\"Kliin\" \/>\n<meta property=\"article:publisher\" content=\"https:\/\/www.facebook.com\/Kliin.puhastus\" \/>\n<meta property=\"article:modified_time\" content=\"2024-05-24T17:18:04+00:00\" \/>\n<meta property=\"og:image\" content=\"https:\/\/kliin.ee\/wp-content\/uploads\/2022\/03\/pexels-cup-of-couple-8014840-768x512.jpg\" \/>\n<meta name=\"twitter:card\" content=\"summary_large_image\" \/>\n<meta name=\"twitter:label1\" content=\"Est. reading time\" \/>\n\t<meta name=\"twitter:data1\" content=\"1 minute\" \/>\n<script type=\"application\/ld+json\" class=\"yoast-schema-graph\">{\"@context\":\"https:\\\/\\\/schema.org\",\"@graph\":[{\"@type\":\"WebPage\",\"@id\":\"https:\\\/\\\/kliin.ee\\\/synnipaev\\\/\",\"url\":\"https:\\\/\\\/kliin.ee\\\/synnipaev\\\/\",\"name\":\"Synnipaev &#8211; Kliin\",\"isPartOf\":{\"@id\":\"https:\\\/\\\/kliin.ee\\\/#website\"},\"primaryImageOfPage\":{\"@id\":\"https:\\\/\\\/kliin.ee\\\/synnipaev\\\/#primaryimage\"},\"image\":{\"@id\":\"https:\\\/\\\/kliin.ee\\\/synnipaev\\\/#primaryimage\"},\"thumbnailUrl\":\"https:\\\/\\\/kliin.ee\\\/wp-content\\\/uploads\\\/2022\\\/03\\\/pexels-cup-of-couple-8014840-768x512.jpg\",\"datePublished\":\"2022-03-13T10:05:36+00:00\",\"dateModified\":\"2024-05-24T17:18:04+00:00\",\"breadcrumb\":{\"@id\":\"https:\\\/\\\/kliin.ee\\\/synnipaev\\\/#breadcrumb\"},\"inLanguage\":\"en-US\",\"potentialAction\":[{\"@type\":\"ReadAction\",\"target\":[\"https:\\\/\\\/kliin.ee\\\/synnipaev\\\/\"]}]},{\"@type\":\"ImageObject\",\"inLanguage\":\"en-US\",\"@id\":\"https:\\\/\\\/kliin.ee\\\/synnipaev\\\/#primaryimage\",\"url\":\"https:\\\/\\\/kliin.ee\\\/wp-content\\\/uploads\\\/2022\\\/03\\\/pexels-cup-of-couple-8014840-768x512.jpg\",\"contentUrl\":\"https:\\\/\\\/kliin.ee\\\/wp-content\\\/uploads\\\/2022\\\/03\\\/pexels-cup-of-couple-8014840-768x512.jpg\"},{\"@type\":\"BreadcrumbList\",\"@id\":\"https:\\\/\\\/kliin.ee\\\/synnipaev\\\/#breadcrumb\",\"itemListElement\":[{\"@type\":\"ListItem\",\"position\":1,\"name\":\"Home\",\"item\":\"https:\\\/\\\/kliin.ee\\\/\"},{\"@type\":\"ListItem\",\"position\":2,\"name\":\"Synnipaev\"}]},{\"@type\":\"WebSite\",\"@id\":\"https:\\\/\\\/kliin.ee\\\/#website\",\"url\":\"https:\\\/\\\/kliin.ee\\\/\",\"name\":\"Kliin\",\"description\":\"Keemiline puhastus ja pesumaja\",\"publisher\":{\"@id\":\"https:\\\/\\\/kliin.ee\\\/#organization\"},\"potentialAction\":[{\"@type\":\"SearchAction\",\"target\":{\"@type\":\"EntryPoint\",\"urlTemplate\":\"https:\\\/\\\/kliin.ee\\\/?s={search_term_string}\"},\"query-input\":{\"@type\":\"PropertyValueSpecification\",\"valueRequired\":true,\"valueName\":\"search_term_string\"}}],\"inLanguage\":\"en-US\"},{\"@type\":\"Organization\",\"@id\":\"https:\\\/\\\/kliin.ee\\\/#organization\",\"name\":\"Kliin keemiline puhastus ja pesumaja\",\"url\":\"https:\\\/\\\/kliin.ee\\\/\",\"logo\":{\"@type\":\"ImageObject\",\"inLanguage\":\"en-US\",\"@id\":\"https:\\\/\\\/kliin.ee\\\/#\\\/schema\\\/logo\\\/image\\\/\",\"url\":\"https:\\\/\\\/i2.wp.com\\\/kliin.ee\\\/wp-content\\\/uploads\\\/2020\\\/12\\\/kliin-logo3.png?fit=94%2C89\",\"contentUrl\":\"https:\\\/\\\/i2.wp.com\\\/kliin.ee\\\/wp-content\\\/uploads\\\/2020\\\/12\\\/kliin-logo3.png?fit=94%2C89\",\"width\":94,\"height\":89,\"caption\":\"Kliin keemiline puhastus ja pesumaja\"},\"image\":{\"@id\":\"https:\\\/\\\/kliin.ee\\\/#\\\/schema\\\/logo\\\/image\\\/\"},\"sameAs\":[\"https:\\\/\\\/www.facebook.com\\\/Kliin.puhastus\"]}]}<\/script>\n<!-- \/ Yoast SEO plugin. -->","yoast_head_json":{"title":"Synnipaev &#8211; Kliin","robots":{"index":"index","follow":"follow","max-snippet":"max-snippet:-1","max-image-preview":"max-image-preview:large","max-video-preview":"max-video-preview:-1"},"canonical":"https:\/\/kliin.ee\/eng\/synnipaev\/","og_locale":"en_US","og_type":"article","og_title":"Synnipaev &#8211; Kliin","og_description":"S\u00fcnnip\u00e4evasoodustus Kliin pesumajad soovivad sulle s\u00fcnnip\u00e4eva puhul \u00f5nne! Naudi oma s\u00fcnnip\u00e4eva ja tee oma garderoob korda, meie omaltpoolt pakume Sulle kliendikaardi alusel 5 p\u00e4eva enne ja 5 p\u00e4eva p\u00e4rast s\u00fcnnip\u00e4eva 40% soodustust tavahinnast Kliin pesumaja teenustelt (v\u00e4ljaarvatud kliendikaart, vaipade pesu ruutmeetri hinna alusel ja selvepesula). Soodustuse ja ka meie poolse s\u00fcnnip\u00e4evatervituse \ud83d\ude09 saamiseks registreeri oma [&hellip;]","og_url":"https:\/\/kliin.ee\/eng\/synnipaev\/","og_site_name":"Kliin","article_publisher":"https:\/\/www.facebook.com\/Kliin.puhastus","article_modified_time":"2024-05-24T17:18:04+00:00","og_image":[{"url":"https:\/\/kliin.ee\/wp-content\/uploads\/2022\/03\/pexels-cup-of-couple-8014840-768x512.jpg","type":"","width":"","height":""}],"twitter_card":"summary_large_image","twitter_misc":{"Est. reading time":"1 minute"},"schema":{"@context":"https:\/\/schema.org","@graph":[{"@type":"WebPage","@id":"https:\/\/kliin.ee\/synnipaev\/","url":"https:\/\/kliin.ee\/synnipaev\/","name":"Synnipaev &#8211; Kliin","isPartOf":{"@id":"https:\/\/kliin.ee\/#website"},"primaryImageOfPage":{"@id":"https:\/\/kliin.ee\/synnipaev\/#primaryimage"},"image":{"@id":"https:\/\/kliin.ee\/synnipaev\/#primaryimage"},"thumbnailUrl":"https:\/\/kliin.ee\/wp-content\/uploads\/2022\/03\/pexels-cup-of-couple-8014840-768x512.jpg","datePublished":"2022-03-13T10:05:36+00:00","dateModified":"2024-05-24T17:18:04+00:00","breadcrumb":{"@id":"https:\/\/kliin.ee\/synnipaev\/#breadcrumb"},"inLanguage":"en-US","potentialAction":[{"@type":"ReadAction","target":["https:\/\/kliin.ee\/synnipaev\/"]}]},{"@type":"ImageObject","inLanguage":"en-US","@id":"https:\/\/kliin.ee\/synnipaev\/#primaryimage","url":"https:\/\/kliin.ee\/wp-content\/uploads\/2022\/03\/pexels-cup-of-couple-8014840-768x512.jpg","contentUrl":"https:\/\/kliin.ee\/wp-content\/uploads\/2022\/03\/pexels-cup-of-couple-8014840-768x512.jpg"},{"@type":"BreadcrumbList","@id":"https:\/\/kliin.ee\/synnipaev\/#breadcrumb","itemListElement":[{"@type":"ListItem","position":1,"name":"Home","item":"https:\/\/kliin.ee\/"},{"@type":"ListItem","position":2,"name":"Synnipaev"}]},{"@type":"WebSite","@id":"https:\/\/kliin.ee\/#website","url":"https:\/\/kliin.ee\/","name":"Kliin","description":"Keemiline puhastus ja pesumaja","publisher":{"@id":"https:\/\/kliin.ee\/#organization"},"potentialAction":[{"@type":"SearchAction","target":{"@type":"EntryPoint","urlTemplate":"https:\/\/kliin.ee\/?s={search_term_string}"},"query-input":{"@type":"PropertyValueSpecification","valueRequired":true,"valueName":"search_term_string"}}],"inLanguage":"en-US"},{"@type":"Organization","@id":"https:\/\/kliin.ee\/#organization","name":"Kliin keemiline puhastus ja pesumaja","url":"https:\/\/kliin.ee\/","logo":{"@type":"ImageObject","inLanguage":"en-US","@id":"https:\/\/kliin.ee\/#\/schema\/logo\/image\/","url":"https:\/\/i2.wp.com\/kliin.ee\/wp-content\/uploads\/2020\/12\/kliin-logo3.png?fit=94%2C89","contentUrl":"https:\/\/i2.wp.com\/kliin.ee\/wp-content\/uploads\/2020\/12\/kliin-logo3.png?fit=94%2C89","width":94,"height":89,"caption":"Kliin keemiline puhastus ja pesumaja"},"image":{"@id":"https:\/\/kliin.ee\/#\/schema\/logo\/image\/"},"sameAs":["https:\/\/www.facebook.com\/Kliin.puhastus"]}]}},"_links":{"self":[{"href":"https:\/\/kliin.ee\/eng\/wp-json\/wp\/v2\/pages\/2052","targetHints":{"allow":["GET"]}}],"collection":[{"href":"https:\/\/kliin.ee\/eng\/wp-json\/wp\/v2\/pages"}],"about":[{"href":"https:\/\/kliin.ee\/eng\/wp-json\/wp\/v2\/types\/page"}],"author":[{"embeddable":true,"href":"https:\/\/kliin.ee\/eng\/wp-json\/wp\/v2\/users\/1"}],"replies":[{"embeddable":true,"href":"https:\/\/kliin.ee\/eng\/wp-json\/wp\/v2\/comments?post=2052"}],"version-history":[{"count":22,"href":"https:\/\/kliin.ee\/eng\/wp-json\/wp\/v2\/pages\/2052\/revisions"}],"predecessor-version":[{"id":2912,"href":"https:\/\/kliin.ee\/eng\/wp-json\/wp\/v2\/pages\/2052\/revisions\/2912"}],"wp:attachment":[{"href":"https:\/\/kliin.ee\/eng\/wp-json\/wp\/v2\/media?parent=2052"}],"curies":[{"name":"wp","href":"https:\/\/api.w.org\/{rel}","templated":true}]}}